{"id":15,"date":"2024-09-17T15:55:29","date_gmt":"2024-09-17T15:55:29","guid":{"rendered":"https:\/\/semanaciencia.uned.es\/?page_id=15"},"modified":"2024-09-23T12:49:36","modified_gmt":"2024-09-23T12:49:36","slug":"inicio","status":"publish","type":"page","link":"https:\/\/semanaciencia.uned.es\/","title":{"rendered":"Inicio"},"content":{"rendered":"<p>[et_pb_section fb_built=\u00bb1&#8243; fullwidth=\u00bbon\u00bb _builder_version=\u00bb4.27.0&#8243; _module_preset=\u00bbdefault\u00bb global_colors_info=\u00bb{}\u00bb][et_pb_fullwidth_image src=\u00bbhttps:\/\/semanaciencia.uned.es\/wp-content\/uploads\/2024\/09\/banner_home_04.png\u00bb title_text=\u00bbbanner_home_04&#8243; _builder_version=\u00bb4.27.0&#8243; _module_preset=\u00bbdefault\u00bb global_colors_info=\u00bb{}\u00bb][\/et_pb_fullwidth_image][\/et_pb_section][et_pb_section fb_built=\u00bb1&#8243; _builder_version=\u00bb4.27.0&#8243; _module_preset=\u00bbdefault\u00bb background_enable_mask_style=\u00bbon\u00bb background_mask_style=\u00bbwave\u00bb background_mask_color=\u00bbrgba(28,116,117,0.24)\u00bb background_mask_transform=\u00bbrotate_90_degree|invert|flip_vertical|flip_horizontal\u00bb animation_style=\u00bbfold\u00bb animation_direction=\u00bbleft\u00bb animation_duration=\u00bb1700ms\u00bb animation_starting_opacity=\u00bb29%\u00bb global_colors_info=\u00bb{}\u00bb][et_pb_row _builder_version=\u00bb4.27.0&#8243; _module_preset=\u00bbdefault\u00bb global_colors_info=\u00bb{}\u00bb][et_pb_column type=\u00bb4_4&#8243; _builder_version=\u00bb4.27.0&#8243; _module_preset=\u00bbdefault\u00bb global_colors_info=\u00bb{}\u00bb][et_pb_text _builder_version=\u00bb4.27.0&#8243; _module_preset=\u00bbdefault\u00bb text_font_size=\u00bb16px\u00bb global_colors_info=\u00bb{}\u00bb]<\/p>\n<p><span data-contrast=\"none\">El proyecto Agua, r\u00edos y biodiversidad: una mirada a trav\u00e9s del arte, cofinanciado por Fecyt y enmarcado en la Semana de la Ciencia y la Innovaci\u00f3n de Madrid 2024, quiere visibilizar la gesti\u00f3n del agua, los r\u00edos y sus diferentes modos de relaci\u00f3n con la sociedad en el \u00e1mbito urbano, a trav\u00e9s del arte, la ciencia y la tecnolog\u00eda.\u00a0 <\/span><span data-ccp-props=\"{&quot;134233117&quot;:false,&quot;134233118&quot;:false,&quot;201341983&quot;:0,&quot;335551550&quot;:6,&quot;335551620&quot;:6,&quot;335559738&quot;:0,&quot;335559739&quot;:160,&quot;335559740&quot;:278}\">\u00a0<\/span><\/p>\n<p><span data-contrast=\"none\">El proyecto consta de un conjunto de actividades multidisciplinares, guiadas por profesionales de distintas esferas, dirigidas a la ciudadan\u00eda no familiarizada con las t\u00e9cnicas art\u00edsticas ni con las claves cient\u00edficas. Contaremos con personas expertas en historia del arte, arquitectura, gesti\u00f3n del agua, biolog\u00eda, ingenier\u00eda y arte experimental, que trabajan en diferentes modos de expresi\u00f3n a partir del agua gracias a los que disfrutar, experimentar y crear nuevas miradas.<\/span><span data-ccp-props=\"{&quot;134233117&quot;:false,&quot;134233118&quot;:false,&quot;201341983&quot;:0,&quot;335551550&quot;:6,&quot;335551620&quot;:6,&quot;335559738&quot;:0,&quot;335559739&quot;:160,&quot;335559740&quot;:278}\">\u00a0<\/span><\/p>\n<p>[\/et_pb_text][\/et_pb_column][\/et_pb_row][\/et_pb_section][et_pb_section fb_built=\u00bb1&#8243; theme_builder_area=\u00bbpost_content\u00bb _builder_version=\u00bb4.27.0&#8243; _module_preset=\u00bbdefault\u00bb title_text=\u00bbEuropeana.eu-109-https___hispana_mcu_es_lod_oai_bvpb_mcu_es_408159_ent0-a84e16408590e17cdbb7ade032db413a\u00bb background_size=\u00bbinitial\u00bb background_enable_image=\u00bboff\u00bb background_color=\u00bb#5e998b\u00bb hover_enabled=\u00bb0&#8243; sticky_enabled=\u00bb0&#8243;][et_pb_row _builder_version=\u00bb4.27.0&#8243; _module_preset=\u00bbdefault\u00bb theme_builder_area=\u00bbpost_content\u00bb][et_pb_column _builder_version=\u00bb4.27.0&#8243; _module_preset=\u00bbdefault\u00bb type=\u00bb4_4&#8243; theme_builder_area=\u00bbpost_content\u00bb][et_pb_image src=\u00bbhttps:\/\/semanaciencia.uned.es\/wp-content\/uploads\/2024\/09\/Europeana.eu-109-https___hispana_mcu_es_lod_oai_bvpb_mcu_es_408159_ent0-a84e16408590e17cdbb7ade032db413a.jpg\u00bb _builder_version=\u00bb4.27.0&#8243; _module_preset=\u00bbdefault\u00bb theme_builder_area=\u00bbpost_content\u00bb title_text=\u00bbEuropeana.eu-109-https___hispana_mcu_es_lod_oai_bvpb_mcu_es_408159_ent0-a84e16408590e17cdbb7ade032db413a\u00bb hover_enabled=\u00bb0&#8243; sticky_enabled=\u00bb0&#8243;][\/et_pb_image][et_pb_text _builder_version=\u00bb4.27.0&#8243; _module_preset=\u00bbdefault\u00bb theme_builder_area=\u00bbpost_content\u00bb text_font_size=\u00bb10px\u00bb hover_enabled=\u00bb0&#8243; sticky_enabled=\u00bb0&#8243;]<\/p>\n<p>Plan topographique de la ville de Madrid et de ses environs : avec la position de l&#8217;Arm\u00e9e Francaise pendant le bombardement, Le 3 Dec\u00e9mbre 1808 &#8211; Biblioteca Virtual del Patrimonio Bibliogr\u00e1fico, Spain &#8211; CC BY.<br \/>https:\/\/www.europeana.eu\/item\/109\/https___hispana_mcu_es_lod_oai_bvpb_mcu_es_408159_ent0<\/p>\n<p>[\/et_pb_text][\/et_pb_column][\/et_pb_row][\/et_pb_section][et_pb_section fb_built=\u00bb1&#8243; _builder_version=\u00bb4.27.0&#8243; _module_preset=\u00bbdefault\u00bb background_enable_mask_style=\u00bbon\u00bb background_mask_style=\u00bbwave\u00bb background_mask_color=\u00bbrgba(28,116,117,0.24)\u00bb background_mask_transform=\u00bbrotate_90_degree|invert|flip_vertical\u00bb animation_style=\u00bbfold\u00bb animation_direction=\u00bbright\u00bb animation_duration=\u00bb1700ms\u00bb animation_starting_opacity=\u00bb29%\u00bb global_colors_info=\u00bb{}\u00bb][et_pb_row _builder_version=\u00bb4.27.0&#8243; _module_preset=\u00bbdefault\u00bb global_colors_info=\u00bb{}\u00bb][et_pb_column type=\u00bb4_4&#8243; _builder_version=\u00bb4.27.0&#8243; _module_preset=\u00bbdefault\u00bb global_colors_info=\u00bb{}\u00bb][et_pb_text _builder_version=\u00bb4.27.0&#8243; _module_preset=\u00bbdefault\u00bb text_font_size=\u00bb16px\u00bb global_colors_info=\u00bb{}\u00bb]<\/p>\n<p><span data-contrast=\"none\" xml:lang=\"ES-ES\" lang=\"ES-ES\" class=\"TextRun SCXW177849859 BCX0\"><span class=\"NormalTextRun SCXW177849859 BCX0\">Adem\u00e1s de conferencias y charlas explicativas, hemos preparado distintos recorridos divulgativos y talleres que permitan al p\u00fablico no especializado conectar con el r\u00edo y reflexionar sobre las relaciones que se establecen entre entorno y sociedad y c\u00f3mo mutuamente ciudad y naturaleza se condicionan y transforman, proyect\u00e1ndose en la arquitectura, la vegetaci\u00f3n, la fauna, etc.<\/span><span class=\"NormalTextRun SCXW177849859 BCX0\">\u00a0 <\/span><\/span><span class=\"EOP SCXW177849859 BCX0\" data-ccp-props=\"{&quot;134233117&quot;:false,&quot;134233118&quot;:false,&quot;201341983&quot;:0,&quot;335551550&quot;:6,&quot;335551620&quot;:6,&quot;335559738&quot;:0,&quot;335559739&quot;:160,&quot;335559740&quot;:278}\">\u00a0<\/span><\/p>\n<p>[\/et_pb_text][\/et_pb_column][\/et_pb_row][\/et_pb_section][et_pb_section fb_built=\u00bb1&#8243; _builder_version=\u00bb4.27.0&#8243; _module_preset=\u00bbdefault\u00bb background_color=\u00bbrgba(96,153,134,0.49)\u00bb background_image=\u00bbhttps:\/\/semanaciencia.uned.es\/wp-content\/uploads\/2024\/09\/banner_abajo_oscuro.png\u00bb background_position=\u00bbbottom_center\u00bb global_colors_info=\u00bb{}\u00bb][et_pb_row _builder_version=\u00bb4.27.0&#8243; _module_preset=\u00bbdefault\u00bb global_colors_info=\u00bb{}\u00bb][et_pb_column type=\u00bb4_4&#8243; _builder_version=\u00bb4.27.0&#8243; _module_preset=\u00bbdefault\u00bb global_colors_info=\u00bb{}\u00bb][\/et_pb_column][\/et_pb_row][\/et_pb_section]<\/p>\n","protected":false},"excerpt":{"rendered":"<p>El proyecto Agua, r\u00edos y biodiversidad: una mirada a trav\u00e9s del arte, cofinanciado por Fecyt y enmarcado en la Semana de la Ciencia y la Innovaci\u00f3n de Madrid 2024, quiere visibilizar la gesti\u00f3n del agua, los r\u00edos y sus diferentes modos de relaci\u00f3n con la sociedad en el \u00e1mbito urbano, a trav\u00e9s del arte, la [&hellip;]<\/p>\n","protected":false},"author":2,"featured_media":0,"parent":0,"menu_order":0,"comment_status":"closed","ping_status":"closed","template":"","meta":{"_et_pb_use_builder":"on","_et_pb_old_content":"","_et_gb_content_width":"","footnotes":""},"class_list":["post-15","page","type-page","status-publish","hentry"],"yoast_head":"<!-- This site is optimized with the Yoast SEO plugin v27.6 - https:\/\/yoast.com\/product\/yoast-seo-wordpress\/ -->\n<title>Inicio - Aguas, r\u00edos y biodiversidad<\/title>\n<meta name=\"robots\" content=\"index, follow, max-snippet:-1, max-image-preview:large, max-video-preview:-1\" \/>\n<link rel=\"canonical\" href=\"https:\/\/semanaciencia.uned.es\/\" \/>\n<meta property=\"og:locale\" content=\"es_ES\" \/>\n<meta property=\"og:type\" content=\"article\" \/>\n<meta property=\"og:title\" content=\"Inicio - Aguas, r\u00edos y biodiversidad\" \/>\n<meta property=\"og:description\" content=\"El proyecto Agua, r\u00edos y biodiversidad: una mirada a trav\u00e9s del arte, cofinanciado por Fecyt y enmarcado en la Semana de la Ciencia y la Innovaci\u00f3n de Madrid 2024, quiere visibilizar la gesti\u00f3n del agua, los r\u00edos y sus diferentes modos de relaci\u00f3n con la sociedad en el \u00e1mbito urbano, a trav\u00e9s del arte, la [&hellip;]\" \/>\n<meta property=\"og:url\" content=\"https:\/\/semanaciencia.uned.es\/\" \/>\n<meta property=\"og:site_name\" content=\"Aguas, r\u00edos y biodiversidad\" \/>\n<meta property=\"article:modified_time\" content=\"2024-09-23T12:49:36+00:00\" \/>\n<meta name=\"twitter:card\" content=\"summary_large_image\" \/>\n<meta name=\"twitter:label1\" content=\"Tiempo de lectura\" \/>\n\t<meta name=\"twitter:data1\" content=\"1 minuto\" \/>\n<script type=\"application\/ld+json\" class=\"yoast-schema-graph\">{\"@context\":\"https:\\\/\\\/schema.org\",\"@graph\":[{\"@type\":\"WebPage\",\"@id\":\"https:\\\/\\\/semanaciencia.uned.es\\\/\",\"url\":\"https:\\\/\\\/semanaciencia.uned.es\\\/\",\"name\":\"Inicio - Aguas, r\u00edos y biodiversidad\",\"isPartOf\":{\"@id\":\"https:\\\/\\\/semanaciencia.uned.es\\\/#website\"},\"datePublished\":\"2024-09-17T15:55:29+00:00\",\"dateModified\":\"2024-09-23T12:49:36+00:00\",\"breadcrumb\":{\"@id\":\"https:\\\/\\\/semanaciencia.uned.es\\\/#breadcrumb\"},\"inLanguage\":\"es\",\"potentialAction\":[{\"@type\":\"ReadAction\",\"target\":[\"https:\\\/\\\/semanaciencia.uned.es\\\/\"]}]},{\"@type\":\"BreadcrumbList\",\"@id\":\"https:\\\/\\\/semanaciencia.uned.es\\\/#breadcrumb\",\"itemListElement\":[{\"@type\":\"ListItem\",\"position\":1,\"name\":\"Portada\",\"item\":\"https:\\\/\\\/semanaciencia.uned.es\\\/\"},{\"@type\":\"ListItem\",\"position\":2,\"name\":\"Inicio\"}]},{\"@type\":\"WebSite\",\"@id\":\"https:\\\/\\\/semanaciencia.uned.es\\\/#website\",\"url\":\"https:\\\/\\\/semanaciencia.uned.es\\\/\",\"name\":\"Aguas, r\u00edos y biodiversidad\",\"description\":\"Una mirada a trav\u00e9s del arte en la Semana de la Ciencia y la Innovaci\u00f3n de Madrid\",\"potentialAction\":[{\"@type\":\"SearchAction\",\"target\":{\"@type\":\"EntryPoint\",\"urlTemplate\":\"https:\\\/\\\/semanaciencia.uned.es\\\/?s={search_term_string}\"},\"query-input\":{\"@type\":\"PropertyValueSpecification\",\"valueRequired\":true,\"valueName\":\"search_term_string\"}}],\"inLanguage\":\"es\"}]}<\/script>\n<!-- \/ Yoast SEO plugin. -->","yoast_head_json":{"title":"Inicio - Aguas, r\u00edos y biodiversidad","robots":{"index":"index","follow":"follow","max-snippet":"max-snippet:-1","max-image-preview":"max-image-preview:large","max-video-preview":"max-video-preview:-1"},"canonical":"https:\/\/semanaciencia.uned.es\/","og_locale":"es_ES","og_type":"article","og_title":"Inicio - Aguas, r\u00edos y biodiversidad","og_description":"El proyecto Agua, r\u00edos y biodiversidad: una mirada a trav\u00e9s del arte, cofinanciado por Fecyt y enmarcado en la Semana de la Ciencia y la Innovaci\u00f3n de Madrid 2024, quiere visibilizar la gesti\u00f3n del agua, los r\u00edos y sus diferentes modos de relaci\u00f3n con la sociedad en el \u00e1mbito urbano, a trav\u00e9s del arte, la [&hellip;]","og_url":"https:\/\/semanaciencia.uned.es\/","og_site_name":"Aguas, r\u00edos y biodiversidad","article_modified_time":"2024-09-23T12:49:36+00:00","twitter_card":"summary_large_image","twitter_misc":{"Tiempo de lectura":"1 minuto"},"schema":{"@context":"https:\/\/schema.org","@graph":[{"@type":"WebPage","@id":"https:\/\/semanaciencia.uned.es\/","url":"https:\/\/semanaciencia.uned.es\/","name":"Inicio - Aguas, r\u00edos y biodiversidad","isPartOf":{"@id":"https:\/\/semanaciencia.uned.es\/#website"},"datePublished":"2024-09-17T15:55:29+00:00","dateModified":"2024-09-23T12:49:36+00:00","breadcrumb":{"@id":"https:\/\/semanaciencia.uned.es\/#breadcrumb"},"inLanguage":"es","potentialAction":[{"@type":"ReadAction","target":["https:\/\/semanaciencia.uned.es\/"]}]},{"@type":"BreadcrumbList","@id":"https:\/\/semanaciencia.uned.es\/#breadcrumb","itemListElement":[{"@type":"ListItem","position":1,"name":"Portada","item":"https:\/\/semanaciencia.uned.es\/"},{"@type":"ListItem","position":2,"name":"Inicio"}]},{"@type":"WebSite","@id":"https:\/\/semanaciencia.uned.es\/#website","url":"https:\/\/semanaciencia.uned.es\/","name":"Aguas, r\u00edos y biodiversidad","description":"Una mirada a trav\u00e9s del arte en la Semana de la Ciencia y la Innovaci\u00f3n de Madrid","potentialAction":[{"@type":"SearchAction","target":{"@type":"EntryPoint","urlTemplate":"https:\/\/semanaciencia.uned.es\/?s={search_term_string}"},"query-input":{"@type":"PropertyValueSpecification","valueRequired":true,"valueName":"search_term_string"}}],"inLanguage":"es"}]}},"_links":{"self":[{"href":"https:\/\/semanaciencia.uned.es\/index.php\/wp-json\/wp\/v2\/pages\/15","targetHints":{"allow":["GET"]}}],"collection":[{"href":"https:\/\/semanaciencia.uned.es\/index.php\/wp-json\/wp\/v2\/pages"}],"about":[{"href":"https:\/\/semanaciencia.uned.es\/index.php\/wp-json\/wp\/v2\/types\/page"}],"author":[{"embeddable":true,"href":"https:\/\/semanaciencia.uned.es\/index.php\/wp-json\/wp\/v2\/users\/2"}],"replies":[{"embeddable":true,"href":"https:\/\/semanaciencia.uned.es\/index.php\/wp-json\/wp\/v2\/comments?post=15"}],"version-history":[{"count":10,"href":"https:\/\/semanaciencia.uned.es\/index.php\/wp-json\/wp\/v2\/pages\/15\/revisions"}],"predecessor-version":[{"id":186,"href":"https:\/\/semanaciencia.uned.es\/index.php\/wp-json\/wp\/v2\/pages\/15\/revisions\/186"}],"wp:attachment":[{"href":"https:\/\/semanaciencia.uned.es\/index.php\/wp-json\/wp\/v2\/media?parent=15"}],"curies":[{"name":"wp","href":"https:\/\/api.w.org\/{rel}","templated":true}]}}